{"id":8068,"date":"2023-01-19T08:54:05","date_gmt":"2023-01-19T08:54:05","guid":{"rendered":"https:\/\/www.cdh.info\/imprint\/"},"modified":"2023-01-19T08:58:26","modified_gmt":"2023-01-19T08:58:26","slug":"imprint","status":"publish","type":"page","link":"https:\/\/www.cdh.info\/en\/imprint\/","title":{"rendered":"Imprint"},"content":{"rendered":"\t\t<div data-elementor-type=\"wp-page\" data-elementor-id=\"8068\" class=\"elementor elementor-8068 elementor-2867\" data-elementor-post-type=\"page\">\n\t\t\t\t\t\t<section class=\"elementor-section elementor-top-section elementor-element elementor-element-a09f664 elementor-section-boxed elementor-section-height-default elementor-section-height-default\" data-id=\"a09f664\" data-element_type=\"section\" data-e-type=\"section\" data-settings=\"{&quot;jet_parallax_layout_list&quot;:[{&quot;jet_parallax_layout_image&quot;:{&quot;url&quot;:&quot;&quot;,&quot;id&quot;:&quot;&quot;,&quot;size&quot;:&quot;&quot;},&quot;_id&quot;:&quot;4aeeb27&quot;,&quot;jet_parallax_layout_image_tablet&quot;:{&quot;url&quot;:&quot;&quot;,&quot;id&quot;:&quot;&quot;,&quot;size&quot;:&quot;&quot;},&quot;jet_parallax_layout_image_mobile&quot;:{&quot;url&quot;:&quot;&quot;,&quot;id&quot;:&quot;&quot;,&quot;size&quot;:&quot;&quot;},&quot;jet_parallax_layout_speed&quot;:{&quot;unit&quot;:&quot;%&quot;,&quot;size&quot;:50,&quot;sizes&quot;:[]},&quot;jet_parallax_layout_type&quot;:&quot;scroll&quot;,&quot;jet_parallax_layout_direction&quot;:&quot;1&quot;,&quot;jet_parallax_layout_fx_direction&quot;:null,&quot;jet_parallax_layout_z_index&quot;:&quot;&quot;,&quot;jet_parallax_layout_bg_x&quot;:50,&quot;jet_parallax_layout_bg_x_tablet&quot;:&quot;&quot;,&quot;jet_parallax_layout_bg_x_mobile&quot;:&quot;&quot;,&quot;jet_parallax_layout_bg_y&quot;:50,&quot;jet_parallax_layout_bg_y_tablet&quot;:&quot;&quot;,&quot;jet_parallax_layout_bg_y_mobile&quot;:&quot;&quot;,&quot;jet_parallax_layout_bg_size&quot;:&quot;auto&quot;,&quot;jet_parallax_layout_bg_size_tablet&quot;:&quot;&quot;,&quot;jet_parallax_layout_bg_size_mobile&quot;:&quot;&quot;,&quot;jet_parallax_layout_animation_prop&quot;:&quot;transform&quot;,&quot;jet_parallax_layout_on&quot;:[&quot;desktop&quot;,&quot;tablet&quot;]}]}\">\n\t\t\t\t\t\t<div class=\"elementor-container elementor-column-gap-default\">\n\t\t\t\t\t<div class=\"elementor-column elementor-col-100 elementor-top-column elementor-element elementor-element-ee9024d\" data-id=\"ee9024d\" data-element_type=\"column\" data-e-type=\"column\">\n\t\t\t<div class=\"elementor-widget-wrap elementor-element-populated\">\n\t\t\t\t\t\t<div class=\"elementor-element elementor-element-5c2c7e2 elementor-widget elementor-widget-heading\" data-id=\"5c2c7e2\" data-element_type=\"widget\" data-e-type=\"widget\" data-widget_type=\"heading.default\">\n\t\t\t\t\t<h2 class=\"elementor-heading-title elementor-size-default\">Imprint<\/h2>\t\t\t\t<\/div>\n\t\t\t\t<div class=\"elementor-element elementor-element-e385c09 elementor-widget elementor-widget-text-editor\" data-id=\"e385c09\" data-element_type=\"widget\" data-e-type=\"widget\" data-widget_type=\"text-editor.default\">\n\t\t\t\t\t\t\t\t\t<p>CDH Computer Division Heinemann GmbH<br>\nGesellschaft mit beschr\u00e4nkter Haftung<br>\nPartner f\u00fcr Branchen-Software<\/p>\n<p>Max-Planck-Stra\u00dfe 11<br>\n42477 Radevormwald<\/p>\n<p>Telefon 0 21 95 \/ 68 47 \u2013 0<br>\nTelefax 0 21 95 \/ 68 47 \u2013 47<br>\nInternet: <a href=\"https:\/\/www.cdh.info\/en\/\">www.cdh.info<\/a><br>\nEmail: <a href=\"mailto:info@cdh.info\">info@cdh.info<\/a><\/p>\n<p>Managing Director: Martin Heinemann<br>\nAuthorized signatory: Thomas Lemmer<br>\nUSt-IdNr. DE223478686<br>\nIBAN DE73 3405 1350 0000 1521 65<br>\nAmtsgericht K\u00f6ln HRB 39893<\/p>\n<p>Disclaimer: The information contained on this website has been carefully compiled. The purpose of the information is to inform the visitor, but not for direct use, e.g. for commercial or technical purposes. In this case, you should always consult us on a case-by-case basis. We are only liable for intent and gross negligence. Since we cannot influence or control the content of websites to which links are provided, we are not responsible for their content. <br><\/p>\n<p>This website uses Google Analytics, an analysis service provided by Google Inc (&#8220;Google&#8221;). Google Analytics uses &#8220;cookies&#8221;, which are text files placed on your computer, to help the website analyze how users use the site. The information generated by the cookie about your use of this website (including your IP address) will be transmitted to and stored by Google on servers in the United States. You may refuse the use of cookies by selecting the appropriate settings on your browser, however please note that if you do this you may not be able to use the full functionality of this website. As CDH- Computer Division Heinemann GmbH, we will not use personal data for the analysis of this website at any time.<\/p>\t\t\t\t\t\t\t\t<\/div>\n\t\t\t\t\t<\/div>\n\t\t<\/div>\n\t\t\t\t\t<\/div>\n\t\t<\/section>\n\t\t\t\t<\/div>\n\t\t","protected":false},"excerpt":{"rendered":"<p>Imprint CDH Computer Division Heinemann GmbH Gesellschaft mit beschr\u00e4nkter Haftung Partner f\u00fcr Branchen-Software Max-Planck-Stra\u00dfe 11 42477 Radevormwald Telefon 0 21 95 \/ 68 47 \u2013 0 Telefax 0 21 95 \/ 68 47 \u2013 47 Internet: www.cdh.info Email: info@cdh.info Managing Director: Martin Heinemann Authorized signatory: Thomas Lemmer USt-IdNr. DE223478686 IBAN DE73 3405 1350 0000 1521 [&hellip;]<\/p>\n","protected":false},"author":1,"featured_media":0,"parent":0,"menu_order":0,"comment_status":"closed","ping_status":"closed","template":"page-templates\/fullwidth-content.php","meta":{"footnotes":""},"class_list":["post-8068","page","type-page","status-publish","hentry"],"yoast_head":"<!-- This site is optimized with the Yoast SEO plugin v27.5 - https:\/\/yoast.com\/product\/yoast-seo-wordpress\/ -->\n<title>Imprint - CDH GmbH<\/title>\n<meta name=\"robots\" content=\"index, follow, max-snippet:-1, max-image-preview:large, max-video-preview:-1\" \/>\n<link rel=\"canonical\" href=\"https:\/\/www.cdh.info\/en\/imprint\/\" \/>\n<meta property=\"og:locale\" content=\"en_US\" \/>\n<meta property=\"og:type\" content=\"article\" \/>\n<meta property=\"og:title\" content=\"Imprint - CDH GmbH\" \/>\n<meta property=\"og:description\" content=\"Imprint CDH Computer Division Heinemann GmbH Gesellschaft mit beschr\u00e4nkter Haftung Partner f\u00fcr Branchen-Software Max-Planck-Stra\u00dfe 11 42477 Radevormwald Telefon 0 21 95 \/ 68 47 \u2013 0 Telefax 0 21 95 \/ 68 47 \u2013 47 Internet: www.cdh.info Email: info@cdh.info Managing Director: Martin Heinemann Authorized signatory: Thomas Lemmer USt-IdNr. DE223478686 IBAN DE73 3405 1350 0000 1521 [&hellip;]\" \/>\n<meta property=\"og:url\" content=\"https:\/\/www.cdh.info\/en\/imprint\/\" \/>\n<meta property=\"og:site_name\" content=\"CDH GmbH\" \/>\n<meta property=\"article:publisher\" content=\"https:\/\/www.facebook.com\/CDHGmbH\" \/>\n<meta property=\"article:modified_time\" content=\"2023-01-19T08:58:26+00:00\" \/>\n<meta name=\"twitter:card\" content=\"summary_large_image\" \/>\n<meta name=\"twitter:label1\" content=\"Est. reading time\" \/>\n\t<meta name=\"twitter:data1\" content=\"1 minute\" \/>\n<script type=\"application\/ld+json\" class=\"yoast-schema-graph\">{\"@context\":\"https:\\\/\\\/schema.org\",\"@graph\":[{\"@type\":\"WebPage\",\"@id\":\"https:\\\/\\\/www.cdh.info\\\/en\\\/imprint\\\/\",\"url\":\"https:\\\/\\\/www.cdh.info\\\/en\\\/imprint\\\/\",\"name\":\"Imprint - CDH GmbH\",\"isPartOf\":{\"@id\":\"https:\\\/\\\/www.cdh.info\\\/#website\"},\"datePublished\":\"2023-01-19T08:54:05+00:00\",\"dateModified\":\"2023-01-19T08:58:26+00:00\",\"breadcrumb\":{\"@id\":\"https:\\\/\\\/www.cdh.info\\\/en\\\/imprint\\\/#breadcrumb\"},\"inLanguage\":\"en-US\",\"potentialAction\":[{\"@type\":\"ReadAction\",\"target\":[\"https:\\\/\\\/www.cdh.info\\\/en\\\/imprint\\\/\"]}]},{\"@type\":\"BreadcrumbList\",\"@id\":\"https:\\\/\\\/www.cdh.info\\\/en\\\/imprint\\\/#breadcrumb\",\"itemListElement\":[{\"@type\":\"ListItem\",\"position\":1,\"name\":\"Startseite\",\"item\":\"https:\\\/\\\/www.cdh.info\\\/en\\\/\"},{\"@type\":\"ListItem\",\"position\":2,\"name\":\"Imprint\"}]},{\"@type\":\"WebSite\",\"@id\":\"https:\\\/\\\/www.cdh.info\\\/#website\",\"url\":\"https:\\\/\\\/www.cdh.info\\\/\",\"name\":\"CDH GmbH\",\"description\":\"Computer Division Heinemann GmbH\",\"publisher\":{\"@id\":\"https:\\\/\\\/www.cdh.info\\\/#organization\"},\"potentialAction\":[{\"@type\":\"SearchAction\",\"target\":{\"@type\":\"EntryPoint\",\"urlTemplate\":\"https:\\\/\\\/www.cdh.info\\\/?s={search_term_string}\"},\"query-input\":{\"@type\":\"PropertyValueSpecification\",\"valueRequired\":true,\"valueName\":\"search_term_string\"}}],\"inLanguage\":\"en-US\"},{\"@type\":\"Organization\",\"@id\":\"https:\\\/\\\/www.cdh.info\\\/#organization\",\"name\":\"CDH GmbH\",\"url\":\"https:\\\/\\\/www.cdh.info\\\/\",\"logo\":{\"@type\":\"ImageObject\",\"inLanguage\":\"en-US\",\"@id\":\"https:\\\/\\\/www.cdh.info\\\/#\\\/schema\\\/logo\\\/image\\\/\",\"url\":\"https:\\\/\\\/www.cdh.info\\\/wp-content\\\/uploads\\\/2020\\\/02\\\/CDH-Logo-RGB.png\",\"contentUrl\":\"https:\\\/\\\/www.cdh.info\\\/wp-content\\\/uploads\\\/2020\\\/02\\\/CDH-Logo-RGB.png\",\"width\":1235,\"height\":540,\"caption\":\"CDH GmbH\"},\"image\":{\"@id\":\"https:\\\/\\\/www.cdh.info\\\/#\\\/schema\\\/logo\\\/image\\\/\"},\"sameAs\":[\"https:\\\/\\\/www.facebook.com\\\/CDHGmbH\",\"https:\\\/\\\/www.instagram.com\\\/cdh_gmbh\\\/\"]}]}<\/script>\n<!-- \/ Yoast SEO plugin. -->","yoast_head_json":{"title":"Imprint - CDH GmbH","robots":{"index":"index","follow":"follow","max-snippet":"max-snippet:-1","max-image-preview":"max-image-preview:large","max-video-preview":"max-video-preview:-1"},"canonical":"https:\/\/www.cdh.info\/en\/imprint\/","og_locale":"en_US","og_type":"article","og_title":"Imprint - CDH GmbH","og_description":"Imprint CDH Computer Division Heinemann GmbH Gesellschaft mit beschr\u00e4nkter Haftung Partner f\u00fcr Branchen-Software Max-Planck-Stra\u00dfe 11 42477 Radevormwald Telefon 0 21 95 \/ 68 47 \u2013 0 Telefax 0 21 95 \/ 68 47 \u2013 47 Internet: www.cdh.info Email: info@cdh.info Managing Director: Martin Heinemann Authorized signatory: Thomas Lemmer USt-IdNr. DE223478686 IBAN DE73 3405 1350 0000 1521 [&hellip;]","og_url":"https:\/\/www.cdh.info\/en\/imprint\/","og_site_name":"CDH GmbH","article_publisher":"https:\/\/www.facebook.com\/CDHGmbH","article_modified_time":"2023-01-19T08:58:26+00:00","twitter_card":"summary_large_image","twitter_misc":{"Est. reading time":"1 minute"},"schema":{"@context":"https:\/\/schema.org","@graph":[{"@type":"WebPage","@id":"https:\/\/www.cdh.info\/en\/imprint\/","url":"https:\/\/www.cdh.info\/en\/imprint\/","name":"Imprint - CDH GmbH","isPartOf":{"@id":"https:\/\/www.cdh.info\/#website"},"datePublished":"2023-01-19T08:54:05+00:00","dateModified":"2023-01-19T08:58:26+00:00","breadcrumb":{"@id":"https:\/\/www.cdh.info\/en\/imprint\/#breadcrumb"},"inLanguage":"en-US","potentialAction":[{"@type":"ReadAction","target":["https:\/\/www.cdh.info\/en\/imprint\/"]}]},{"@type":"BreadcrumbList","@id":"https:\/\/www.cdh.info\/en\/imprint\/#breadcrumb","itemListElement":[{"@type":"ListItem","position":1,"name":"Startseite","item":"https:\/\/www.cdh.info\/en\/"},{"@type":"ListItem","position":2,"name":"Imprint"}]},{"@type":"WebSite","@id":"https:\/\/www.cdh.info\/#website","url":"https:\/\/www.cdh.info\/","name":"CDH GmbH","description":"Computer Division Heinemann GmbH","publisher":{"@id":"https:\/\/www.cdh.info\/#organization"},"potentialAction":[{"@type":"SearchAction","target":{"@type":"EntryPoint","urlTemplate":"https:\/\/www.cdh.info\/?s={search_term_string}"},"query-input":{"@type":"PropertyValueSpecification","valueRequired":true,"valueName":"search_term_string"}}],"inLanguage":"en-US"},{"@type":"Organization","@id":"https:\/\/www.cdh.info\/#organization","name":"CDH GmbH","url":"https:\/\/www.cdh.info\/","logo":{"@type":"ImageObject","inLanguage":"en-US","@id":"https:\/\/www.cdh.info\/#\/schema\/logo\/image\/","url":"https:\/\/www.cdh.info\/wp-content\/uploads\/2020\/02\/CDH-Logo-RGB.png","contentUrl":"https:\/\/www.cdh.info\/wp-content\/uploads\/2020\/02\/CDH-Logo-RGB.png","width":1235,"height":540,"caption":"CDH GmbH"},"image":{"@id":"https:\/\/www.cdh.info\/#\/schema\/logo\/image\/"},"sameAs":["https:\/\/www.facebook.com\/CDHGmbH","https:\/\/www.instagram.com\/cdh_gmbh\/"]}]}},"_links":{"self":[{"href":"https:\/\/www.cdh.info\/en\/wp-json\/wp\/v2\/pages\/8068","targetHints":{"allow":["GET"]}}],"collection":[{"href":"https:\/\/www.cdh.info\/en\/wp-json\/wp\/v2\/pages"}],"about":[{"href":"https:\/\/www.cdh.info\/en\/wp-json\/wp\/v2\/types\/page"}],"author":[{"embeddable":true,"href":"https:\/\/www.cdh.info\/en\/wp-json\/wp\/v2\/users\/1"}],"replies":[{"embeddable":true,"href":"https:\/\/www.cdh.info\/en\/wp-json\/wp\/v2\/comments?post=8068"}],"version-history":[{"count":0,"href":"https:\/\/www.cdh.info\/en\/wp-json\/wp\/v2\/pages\/8068\/revisions"}],"wp:attachment":[{"href":"https:\/\/www.cdh.info\/en\/wp-json\/wp\/v2\/media?parent=8068"}],"curies":[{"name":"wp","href":"https:\/\/api.w.org\/{rel}","templated":true}]}}